{"id":1349,"date":"2026-02-21T13:39:05","date_gmt":"2026-02-21T13:39:05","guid":{"rendered":"https:\/\/tohaem.com\/?post_type=product&#038;p=1349"},"modified":"2026-02-22T15:12:31","modified_gmt":"2026-02-22T15:12:31","slug":"pebbe-spices-whole-wede-aba-spice-pebe-ehuru-efuru","status":"publish","type":"product","link":"https:\/\/tohaem.com\/index.php\/product\/pebbe-spices-whole-wede-aba-spice-pebe-ehuru-efuru\/","title":{"rendered":"Pebbe Spices \/ Whole Wede Aba Spice \/ P\u00e8b\u00e9 \/ Ehuru \/ Efuru"},"content":{"rendered":"<div class=\"card__header\">\n<h2 class=\"card__title heading h3\">Description<\/h2>\n<\/div>\n<div class=\"card__section expandable-content expandable-content--expandable\" aria-expanded=\"true\">\n<div class=\"rte text--pull\">\n<p>&nbsp;<\/p>\n<p>P\u00e8b\u00e9 African spices, also called wede aba, gourd nutmeg, p\u00e8b\u00e9 or Jamaican nutmeg, is used in a lot of African dishes. For example pepper soup in Cameroon and Nigeria, Mbongo Tchobi\u00a0in Cameroon and fish and meat seasonings.<\/p>\n<p>No additives No preservatives<\/p>\n<p>100% ALL NATURAL<\/p>\n<p>Format: Pack of 1 oz (28g) and 2 oz. ( 57g)<\/p>\n<p>Country of origin: Cameroon<\/p>\n<\/div>\n<\/div>\n","protected":false},"excerpt":{"rendered":"<p>Description &nbsp; P\u00e8b\u00e9 African spices, also called wede aba, gourd nutmeg, p\u00e8b\u00e9 or Jamaican nutmeg, is used in a lot of African dishes. For example pepper soup in Cameroon and Nigeria, Mbongo Tchobi\u00a0in Cameroon and fish and meat seasonings. No additives No preservatives 100% ALL NATURAL Format: Pack of 1 oz (28g) and 2 oz. ( 57g) Country of origin: Cameroon<\/p>\n","protected":false},"featured_media":1237,"comment_status":"open","ping_status":"closed","template":"","meta":[],"product_brand":[],"product_cat":[53,54],"product_tag":[85,84,83,81,82],"class_list":{"0":"post-1349","1":"product","2":"type-product","3":"status-publish","4":"has-post-thumbnail","6":"product_cat-food","7":"product_cat-spices","8":"product_tag-efuru","9":"product_tag-ehuru","10":"product_tag-pebe","11":"product_tag-whole-pebbe-spices","12":"product_tag-whole-wede-aba-spice","14":"first","15":"instock","16":"sale","17":"shipping-taxable","18":"purchasable","19":"product-type-simple","20":"add-to-wishlist-before_image"},"acf":[],"_links":{"self":[{"href":"https:\/\/tohaem.com\/index.php\/wp-json\/wp\/v2\/product\/1349","targetHints":{"allow":["GET"]}}],"collection":[{"href":"https:\/\/tohaem.com\/index.php\/wp-json\/wp\/v2\/product"}],"about":[{"href":"https:\/\/tohaem.com\/index.php\/wp-json\/wp\/v2\/types\/product"}],"replies":[{"embeddable":true,"href":"https:\/\/tohaem.com\/index.php\/wp-json\/wp\/v2\/comments?post=1349"}],"wp:featuredmedia":[{"embeddable":true,"href":"https:\/\/tohaem.com\/index.php\/wp-json\/wp\/v2\/media\/1237"}],"wp:attachment":[{"href":"https:\/\/tohaem.com\/index.php\/wp-json\/wp\/v2\/media?parent=1349"}],"wp:term":[{"taxonomy":"product_brand","embeddable":true,"href":"https:\/\/tohaem.com\/index.php\/wp-json\/wp\/v2\/product_brand?post=1349"},{"taxonomy":"product_cat","embeddable":true,"href":"https:\/\/tohaem.com\/index.php\/wp-json\/wp\/v2\/product_cat?post=1349"},{"taxonomy":"product_tag","embeddable":true,"href":"https:\/\/tohaem.com\/index.php\/wp-json\/wp\/v2\/product_tag?post=1349"}],"curies":[{"name":"wp","href":"https:\/\/api.w.org\/{rel}","templated":true}]}}